{"id":621,"date":"2020-11-30T17:22:12","date_gmt":"2020-11-30T17:22:12","guid":{"rendered":"https:\/\/seifgo.com\/mx\/?page_id=621"},"modified":"2021-12-21T23:38:46","modified_gmt":"2021-12-21T23:38:46","slug":"aviso-de-privacidad","status":"publish","type":"page","link":"https:\/\/seifgo.com\/mx\/aviso-de-privacidad\/","title":{"rendered":"Aviso de Privacidad"},"content":{"rendered":"\t\t<div data-elementor-type=\"wp-page\" data-elementor-id=\"621\" class=\"elementor elementor-621\" data-elementor-settings=\"[]\">\n\t\t\t\t\t\t<div class=\"elementor-inner\">\n\t\t\t\t\t\t\t<div class=\"elementor-section-wrap\">\n\t\t\t\t\t\t\t<section class=\"elementor-section elementor-top-section elementor-element elementor-element-65b93d6 elementor-section-boxed elementor-section-height-default elementor-section-height-default\" data-id=\"65b93d6\" data-element_type=\"section\">\n\t\t\t\t\t\t<div class=\"elementor-container elementor-column-gap-default\">\n\t\t\t\t\t\t\t<div class=\"elementor-row\">\n\t\t\t\t\t<div class=\"elementor-column elementor-col-100 elementor-top-column elementor-element elementor-element-fb73a35\" data-id=\"fb73a35\" data-element_type=\"column\">\n\t\t\t<div class=\"elementor-column-wrap elementor-element-populated\">\n\t\t\t\t\t\t\t<div class=\"elementor-widget-wrap\">\n\t\t\t\t\t\t<div class=\"elementor-element elementor-element-a517927 elementor-widget elementor-widget-text-editor\" data-id=\"a517927\" data-element_type=\"widget\" data-widget_type=\"text-editor.default\">\n\t\t\t\t<div class=\"elementor-widget-container\">\n\t\t\t\t\t\t\t\t<div class=\"elementor-text-editor elementor-clearfix\">\n\t\t\t\t<p><strong>SEIFGO, S.A. DE C.V.<\/strong><\/p>\n<p><em>Para SeifGO es muy importante el respeto y la preservaci\u00f3n de la confianza de nuestros clientes, colegas y vendedores. Su informaci\u00f3n personal siempre ser\u00e1 tratada de manera confidencial y de acuerdo con las leyes, las directivas, los reglamentos y los principios aplicables a la protecci\u00f3n de datos personales.<\/em><\/p>\n<p>De conformidad con lo dispuesto en la Ley Federal de Protecci\u00f3n de Datos Personales en Posesi\u00f3n de los Particulares y a los requisitos que dicha legislaci\u00f3n establece, SeifGO, S.A. de C.V., da a conocer el presente documento:<\/p>\n<p>Para efectos del presente Aviso de Privacidad, se entender\u00e1 por:<\/p>\n<p><strong>Aviso de Privacidad:<\/strong>&nbsp;Se refiere al presente documento, el cual es puesto a disposici\u00f3n del&nbsp;<strong>TITULAR<\/strong>, previo al tratamiento de sus datos personales, de conformidad con el&nbsp;<em>art\u00edculo 15<\/em>&nbsp;de la&nbsp;<em>Ley Federal de Protecci\u00f3n de Datos Personales en Posesi\u00f3n de los Particulares.<\/em><\/p>\n<p><strong>Datos personales:<\/strong>&nbsp;Cualquier informaci\u00f3n concerniente a una persona f\u00edsica identificada o identificable.<\/p>\n<p><strong>Datos personales sensibles:<\/strong>&nbsp;Aquellos datos personales que afecten a la esfera m\u00e1s \u00edntima del TITULAR, o cuya utilizaci\u00f3n indebida pueda dar origen a discriminaci\u00f3n o conlleve un riesgo grave para \u00e9ste. En particular, se consideran sensibles aquellos que puedan revelar aspectos como origen racial o \u00e9tnico, estado de salud presente y futuro, informaci\u00f3n gen\u00e9tica, creencias religiosas, filos\u00f3ficas y morales, afiliaci\u00f3n sindical, opiniones pol\u00edticas, preferencia sexual.<\/p>\n<p><strong>Derechos ARCO:<\/strong>&nbsp;Se refiere a los derechos de&nbsp;<em>acceso, cancelaci\u00f3n, rectificaci\u00f3n y oposici\u00f3n<\/em>&nbsp;con los que cuenta el&nbsp;<strong>TITULAR<\/strong>&nbsp;en relaci\u00f3n a sus datos personales.<\/p>\n<p><strong>Encargado:&nbsp;<\/strong>La persona f\u00edsica o moral que sola o conjuntamente con otras trate datos personales por cuenta del responsable.<\/p>\n<p><strong>Ley:<\/strong>&nbsp; Ley Federal de Protecci\u00f3n de Datos Personales en Posesi\u00f3n de los Particulares y\/o su&nbsp; Reglamento.<\/p>\n<p><strong>Responsable:<\/strong>&nbsp;SeifGO, S.A. de C.V., en su car\u00e1cter de persona moral privada que decide sobre el tratamiento de datos personales.<\/p>\n<p><strong>Titular:<\/strong>&nbsp;La persona f\u00edsica a quien corresponden los datos personales.<\/p>\n<p><strong>Tratamiento:&nbsp;<\/strong>Obtenci\u00f3n, uso, divulgaci\u00f3n o almacenamiento de datos personales por cualquier medio. El uso abarca cualquier acci\u00f3n de acceso, manejo, aprovechamiento, transferencia o disposici\u00f3n de datos personales.<\/p>\n<p>El presente&nbsp;<strong>Aviso de Privacidad<\/strong>&nbsp;se pone a disposici\u00f3n del&nbsp;<strong>TITULAR<\/strong>, en cumplimiento a lo dispuesto por la Ley Federal de Protecci\u00f3n de Datos Personales en posesi\u00f3n de los Particulares, as\u00ed como dem\u00e1s disposiciones legales aplicables.<\/p>\n<p>SeifGO, es una Sociedad An\u00f3nima de Capital Variable legalmente constituida de conformidad con las leyes de la Rep\u00fablica Mexicana, con domicilio fiscal en Guadalajara, Jalisco. siendo&nbsp;<strong>RESPONSABLE<\/strong>&nbsp;del tratamiento de los datos personales del&nbsp;<strong>TITULAR<\/strong>&nbsp;que otorga su consentimiento al presente aviso. SeifGO con el compromiso de observar los principios de licitud, consentimiento, informaci\u00f3n, calidad, finalidad, lealtad, proporcionalidad y responsabilidad en el tratamiento de datos personales y los derechos de privacidad y autodeterminaci\u00f3n informativa, hace constar en el presente aviso de privacidad lo siguiente:<\/p>\n<p><strong>1)&nbsp;<\/strong>La Empresa tratar\u00e1 su informaci\u00f3n y datos personales como confidenciales y mantendr\u00e1 medidas preventivas dirigidas a protegerla contra p\u00e9rdida, mal uso, acceso no autorizado, alteraci\u00f3n o destrucci\u00f3n, no la divulgar\u00e1 para otro prop\u00f3sito que no sea el establecido en el presente Aviso de Privacidad. Su informaci\u00f3n ser\u00e1 tratada como confidencial y ser\u00e1 administrada durante el tiempo necesario para lograr los fines mencionados en el presente Aviso Privacidad, el cual podr\u00e1 actualizarse para reflejar los cambios en nuestras pr\u00e1cticas para recabar informaci\u00f3n, para la utilizaci\u00f3n de la informaci\u00f3n, y en materia de seguridad.<\/p>\n<p><strong>2)&nbsp;<\/strong>Los&nbsp;<strong>datos personales<\/strong>&nbsp;que tratar\u00e1 SeifGO, incluyendo la obtenci\u00f3n, uso, divulgaci\u00f3n o almacenamiento de tales datos por cualquier medio de acceso, manejo, aprovechamiento, transferencia o disposici\u00f3n, son aquellos que usted en su calidad de&nbsp;<strong>TITULAR,<\/strong>&nbsp;ha proporcionado o proporcione a SeifGO y aquellos a los que SeifGO tiene acceso leg\u00edtimamente por haber sido proporcionados para los fines que m\u00e1s adelante se se\u00f1alan.<\/p>\n<p>A continuaci\u00f3n se enlistan algunos de los datos personales a que se refiere este apartado:<\/p>\n<ol>\n<li>Nombre<\/li>\n<li>Compa\u00f1\u00eda<\/li>\n<li>Direcci\u00f3n<\/li>\n<li>Informaci\u00f3n de contacto laboral, incluyendo tel\u00e9fono, correo electr\u00f3nico y otros.<\/li>\n<\/ol>\n<p>La lista anterior debe entenderse como enunciativa, m\u00e1s no limitativa de aquellos datos de car\u00e1cter personal que ser\u00e1n tratados por SeifGO, en el entendido que se trata de datos personales de la misma naturaleza.<\/p>\n<p><strong>3)<\/strong>&nbsp;SeifGO hace de su conocimiento que los datos personales del titular ser\u00e1n tratados por SeifGO y\/o las empresas afiliadas o subsidiarias de la misma, encargadas que act\u00faen en nombre de SeifGO y terceros, distintos a SeifGO o al titular de los datos, quienes deber\u00e1n cumplir con el presente&nbsp;<strong>Aviso de Privacidad.<\/strong><\/p>\n<p><strong>4)<\/strong>&nbsp;Las&nbsp;<strong>finalidades<\/strong>&nbsp;del tratamiento de los datos personales del&nbsp;<strong>TITULAR<\/strong>&nbsp;por parte de SeifGO, son las que se enuncian a continuaci\u00f3n, as\u00ed como todas aquellas que resulten an\u00e1logas:<\/p>\n<ol>\n<li>Env\u00edo de publicidad informativa a productos y servicios ofrecidos por SeifGO.<\/li>\n<li>Fines informativos, administrativos y\/o comerciales relacionados con SeifGO.<\/li>\n<\/ol>\n<p><strong>5)<\/strong>&nbsp;Al acceder al presente sitio de internet y aceptar el presente&nbsp;<strong>Aviso de Privacidad<\/strong>, usted en su car\u00e1cter de&nbsp;<strong>TITULAR<\/strong>&nbsp;otorga expresamente a SeifGO su consentimiento para la transferencia nacional e internacional de sus datos personales, siempre que el receptor de los datos asuma las mismas obligaciones asumidas por SeifGO. Asimismo, SeifGO se compromete a transferir solo aquella informaci\u00f3n que sea necesaria para la misma finalidad con la que se emite el presente aviso.<\/p>\n<p><strong>6)<\/strong>&nbsp;Tambi\u00e9n podemos compartir su informaci\u00f3n:<\/p>\n<ol>\n<li>Cuando alguna autoridad gubernamental o diverso funcionario gubernamental responsable de hacer cumplir la ley solicite o requiera razonablemente dicha informaci\u00f3n;<\/li>\n<li>Cuando lo exija la ley o en respuesta a alg\u00fan proceso legal;<\/li><li><strong style=\"color: rgb(70, 70, 70); font-size: 1rem;\">&nbsp;<\/strong><span style=\"color: rgb(70, 70, 70); font-size: 1rem;\">Cuando sea razonablemente necesario para llevar a cabo una investigaci\u00f3n de car\u00e1cter legal.<\/span><\/li><\/ol>\n<p><strong>7)<\/strong>&nbsp;SeifGO establecer\u00e1 y mantendr\u00e1 medidas de seguridad, administrativas, t\u00e9cnicas y f\u00edsicas que permitan proteger los datos personales contra da\u00f1o, p\u00e9rdida, alteraci\u00f3n, destrucci\u00f3n o el uso, acceso o tratamiento no autorizado. Estas medidas no ser\u00e1n menores a aquellas que mantenga SeifGO para el manejo de su propia informaci\u00f3n.<\/p>\n<p><strong>8)<\/strong>&nbsp;<strong>Derechos:&nbsp;<\/strong>Conforme a la Ley de Protecci\u00f3n de Datos Personales Usted tiene el derecho de ejercer en cualquier momento sus derechos de acceso, rectificaci\u00f3n, cancelaci\u00f3n y oposici\u00f3n (los \u00abDerechos ARCO\u00bb) de su informaci\u00f3n, mediante una solicitud por escrito dirigida a&nbsp;<a href=\"mailto:contacto@seifgo.com\">contacto@seifgo.com<\/a>, quien podr\u00e1 solicitarle para su protecci\u00f3n y beneficio, documentaci\u00f3n que acredite correcciones a los datos en caso de que solicite rectificaci\u00f3n de los mismos. Usted puede solicitar que se cancelen sus datos personales que SeifGO conserva. Asimismo Usted podr\u00e1 limitar el uso y distribuci\u00f3n de sus datos personales a trav\u00e9s de una solicitud por escrito a La Empresa. No obstante lo anterior, es posible que La Empresa se vea obligada conforme a la legislaci\u00f3n aplicable a conservar algunos o todos sus datos personales. Es importante que los cambios que pretenda hacer a sus datos personales sean correctos y no se eliminar\u00e1n aquellos datos que por obligaci\u00f3n o disposici\u00f3n legal deba de conservar la empresa.<\/p>\n<p>La solicitud deber\u00e1 ser presentada por el&nbsp;<strong>TITULAR&nbsp;<\/strong>o su representante legal, a la direcci\u00f3n antes mencionada, dicha solicitud deber\u00e1 contener:<\/p><p><span style=\"color: rgb(0, 0, 0); font-size: 1rem;\">i) &nbsp;El nombre completo del&nbsp;<\/span><strong style=\"color: rgb(0, 0, 0); font-size: 1rem;\">TITULAR&nbsp;<\/strong><span style=\"color: rgb(0, 0, 0); font-size: 1rem;\">y domicilio u otro medio para comunicarle la respuesta, incluyendo direcci\u00f3n de correo electr\u00f3nico.<\/span><\/p><p><span style=\"color: rgb(0, 0, 0); font-size: 1rem;\">ii) &nbsp;Los documentos que acrediten su identidad o la del representante legal,<\/span><\/p>\n<p>iii) La descripci\u00f3n clara y precisa de los datos personales respecto de lo que busca ejercer sus derechos,<\/p><p><span style=\"color: rgb(0, 0, 0); font-size: 1rem;\">iv) Cualquier otro elemento que facilite la localizaci\u00f3n de los datos personales del<\/span><\/p>\n<p>SeifGO comunicar\u00e1 al titular en m\u00e1ximo 20 (veinte) d\u00edas naturales, contados a partir de haber recibido la solicitud de acceso, rectificaci\u00f3n, cancelaci\u00f3n u oposici\u00f3n, la determinaci\u00f3n adoptada, a efecto de que se haga efectiva dentro de los 15 d\u00edas naturales siguientes. Estos plazos podr\u00e1n ser ampliados por un periodo igual cuando a discreci\u00f3n de SeifGO, las circunstancias del caso lo justifiquen.<\/p>\n<p>El derecho de acceso procede cuando el titular desee conocer cu\u00e1les de sus datos personales obran en poder de SeifGO y el aviso de privacidad que le es aplicable.<\/p>\n<p>Se dar\u00e1 cumplimiento a una solicitud de acceso, poniendo a disposici\u00f3n del&nbsp;<strong>TITULAR<\/strong>&nbsp;o su representante, previo acreditamiento de su identidad, los documentos donde obren los datos personales requeridos, ya sea mediante copias fotost\u00e1ticas, un CD que contenga dicha informaci\u00f3n, un dispositivo USB o cualquier otro medio que determine SeifGO. La entrega de los datos ser\u00e1 gratuita siempre y cuando no se repita la solicitud de acceso en un periodo menor a 12 meses. El&nbsp;<strong>TITULAR<\/strong>&nbsp;\u00fanicamente cubrir\u00e1 los costos de reproducci\u00f3n en copias u otros formatos.<\/p>\n<p>El&nbsp;<strong>TITULAR<\/strong>&nbsp;podr\u00e1 rectificar sus datos personales cuando estos sean inexactos o incompletos, indicando en la solicitud de rectificaci\u00f3n las modificaciones que deban realizarse y aportando a SeifGO la documentaci\u00f3n que sustente su petici\u00f3n. En caso de ser procedente la solicitud del&nbsp;<strong>TITULAR<\/strong>, SeifGO deber\u00e1 informar de los cambios de que se trate a los encargados del tratamiento y a terceros, en caso de que haya habido transferencias de datos en los t\u00e9rminos del presente&nbsp;<strong>Aviso de Privacidad.<\/strong><\/p>\n<p>El derecho de cancelaci\u00f3n consiste en la supresi\u00f3n del dato y puede ir precedido por un periodo de bloqueo en el que los datos no podr\u00e1n ser objeto de tratamiento. No proceder\u00e1 la cancelaci\u00f3n de los datos personales en los casos previstos por la Ley.<\/p>\n<p>El&nbsp;<strong>TITULAR<\/strong>&nbsp;tendr\u00e1 derecho en todo momento y por causa leg\u00edtima a oponerse al tratamiento de sus datos. De resultar procedente la solicitud, SeifGO no podr\u00e1 tratar los datos del&nbsp;<strong>TITULAR.<\/strong><\/p>\n<p>SeifGO podr\u00e1 negar el acceso a los datos personales, o realizar la rectificaci\u00f3n o cancelaci\u00f3n o conceder la oposici\u00f3n cuando el solicitante no sea el&nbsp;<strong>TITULAR<\/strong>&nbsp;o el representante legal no est\u00e9 debidamente acreditado para ello, cuando en su base de datos no se encuentren los datos personales del titular, cuando se lesionen derechos de un tercero, cuando exista un impedimento legal o una resoluci\u00f3n de una autoridad competente que restrinja el acceso a los datos personales o no permita su rectificaci\u00f3n, cancelaci\u00f3n u oposici\u00f3n y cuando la rectificaci\u00f3n, cancelaci\u00f3n u oposici\u00f3n haya sido previamente realizada.<\/p>\n<p><strong>9)<\/strong>&nbsp; En caso de que se efect\u00faen cambios al presente&nbsp;<strong>Aviso de Privacidad<\/strong>, SeifGO los har\u00e1 del conocimiento del titular mediante notificaci\u00f3n escrita que ser\u00e1 publicada en la p\u00e1gina de Internet&nbsp;<a href=\"http:\/\/www.seifgo.com\/\">www.seifgogarantias.com<\/a>&nbsp;si resulta procedente, a trav\u00e9s del correo electr\u00f3nico que el&nbsp;<strong>TITULAR<\/strong>&nbsp;le haya notificado a SeifGO previamente. Si el&nbsp;<strong>TITULAR<\/strong>&nbsp;est\u00e1 de acuerdo con las modificaciones hechas al&nbsp;<strong>Aviso de Privacidad<\/strong>&nbsp;deber\u00e1 entregar el documento que incluya dichas modificaciones, debidamente firmado con atenci\u00f3n a SeifGO dentro de los siguientes 5 d\u00edas h\u00e1biles.<\/p>\n<p><strong>10)<\/strong>&nbsp;&nbsp; &nbsp;El consentimiento para el tratamiento de datos personales podr\u00e1 ser revocado mediante aviso por escrito, que el&nbsp;<strong>TITULAR<\/strong>&nbsp;proporcione por escrito, dirigido al correo electr\u00f3nico se\u00f1alado en el presente&nbsp;<strong>Aviso de Privacidad<\/strong>&nbsp;, en el cual incluya las razones por las que revoca el consentimiento.<\/p>\n<p><strong>11)<\/strong>&nbsp; SeifGO dar\u00e1 tr\u00e1mite a las solicitudes de acceso, rectificaci\u00f3n, cancelaci\u00f3n y oposici\u00f3n, labor que estar\u00e1 a su cargo, cuyo domicilio f\u00edsico se encuentra ubicado en la direcci\u00f3n se\u00f1alada al inicio del presente aviso y cuyo correo electr\u00f3nico para cualquier duda o comentario respecto al presente&nbsp;<strong>Aviso de Privacidad<\/strong>&nbsp;se ha se\u00f1alado anteriormente.<\/p>\n<p>Al proporcionarnos sus datos Usted reconoce que entiende y acepta la recopilaci\u00f3n y transmisi\u00f3n de su informaci\u00f3n y datos personales por parte de SeifGO seg\u00fan se se\u00f1ala en el presente Aviso de Privacidad.<\/p>\t\t\t\t\t<\/div>\n\t\t\t\t\t\t<\/div>\n\t\t\t\t<\/div>\n\t\t\t\t\t\t<\/div>\n\t\t\t\t\t<\/div>\n\t\t<\/div>\n\t\t\t\t\t\t\t\t<\/div>\n\t\t\t\t\t<\/div>\n\t\t<\/section>\n\t\t\t\t\t\t<\/div>\n\t\t\t\t\t\t<\/div>\n\t\t\t\t\t<\/div>\n\t\t","protected":false},"excerpt":{"rendered":"<p>SEIFGO, S.A. DE C.V. Para SeifGO es muy importante el respeto y la preservaci\u00f3n de la confianza de nuestros clientes, colegas y vendedores. Su informaci\u00f3n<\/p>\n<p><a href=\"https:\/\/seifgo.com\/mx\/aviso-de-privacidad\/\" class=\"more-link\">Continuar<span class=\"screen-reader-text\">Aviso de Privacidad<\/span><\/a><\/p>\n","protected":false},"author":1,"featured_media":0,"parent":0,"menu_order":0,"comment_status":"closed","ping_status":"closed","template":"elementor_theme","meta":{"footnotes":""},"class_list":["post-621","page","type-page","status-publish","hentry"],"_links":{"self":[{"href":"https:\/\/seifgo.com\/mx\/wp-json\/wp\/v2\/pages\/621","targetHints":{"allow":["GET"]}}],"collection":[{"href":"https:\/\/seifgo.com\/mx\/wp-json\/wp\/v2\/pages"}],"about":[{"href":"https:\/\/seifgo.com\/mx\/wp-json\/wp\/v2\/types\/page"}],"author":[{"embeddable":true,"href":"https:\/\/seifgo.com\/mx\/wp-json\/wp\/v2\/users\/1"}],"replies":[{"embeddable":true,"href":"https:\/\/seifgo.com\/mx\/wp-json\/wp\/v2\/comments?post=621"}],"version-history":[{"count":35,"href":"https:\/\/seifgo.com\/mx\/wp-json\/wp\/v2\/pages\/621\/revisions"}],"predecessor-version":[{"id":2376,"href":"https:\/\/seifgo.com\/mx\/wp-json\/wp\/v2\/pages\/621\/revisions\/2376"}],"wp:attachment":[{"href":"https:\/\/seifgo.com\/mx\/wp-json\/wp\/v2\/media?parent=621"}],"curies":[{"name":"wp","href":"https:\/\/api.w.org\/{rel}","templated":true}]}}