{"id":2440,"date":"2021-12-27T17:41:24","date_gmt":"2021-12-27T17:41:24","guid":{"rendered":"https:\/\/seifgo.com\/mx\/?page_id=2440"},"modified":"2021-12-28T22:37:43","modified_gmt":"2021-12-28T22:37:43","slug":"diagnosticos","status":"publish","type":"page","link":"https:\/\/seifgo.com\/mx\/diagnosticos\/","title":{"rendered":"Diagn\u00f3sticos"},"content":{"rendered":"\t\t<div data-elementor-type=\"wp-page\" data-elementor-id=\"2440\" class=\"elementor elementor-2440\" data-elementor-settings=\"[]\">\n\t\t\t\t\t\t<div class=\"elementor-inner\">\n\t\t\t\t\t\t\t<div class=\"elementor-section-wrap\">\n\t\t\t\t\t\t\t<section class=\"elementor-section elementor-top-section elementor-element elementor-element-8dae157 elementor-section-boxed elementor-section-height-default elementor-section-height-default\" data-id=\"8dae157\" data-element_type=\"section\">\n\t\t\t\t\t\t<div class=\"elementor-container elementor-column-gap-default\">\n\t\t\t\t\t\t\t<div class=\"elementor-row\">\n\t\t\t\t\t<div class=\"elementor-column elementor-col-100 elementor-top-column elementor-element elementor-element-3de15eb\" data-id=\"3de15eb\" data-element_type=\"column\">\n\t\t\t<div class=\"elementor-column-wrap elementor-element-populated\">\n\t\t\t\t\t\t\t<div class=\"elementor-widget-wrap\">\n\t\t\t\t\t\t<div class=\"elementor-element elementor-element-0faa9b4 elementor-widget elementor-widget-image\" data-id=\"0faa9b4\" data-element_type=\"widget\" data-widget_type=\"image.default\">\n\t\t\t\t<div class=\"elementor-widget-container\">\n\t\t\t\t\t\t\t\t<div class=\"elementor-image\">\n\t\t\t\t\t\t\t\t\t\t\t\t<img loading=\"lazy\" decoding=\"async\" width=\"1024\" height=\"360\" src=\"https:\/\/seifgo.com\/mx\/wp-content\/uploads\/2021\/12\/banner-diagnosticos-1024x360.png\" class=\"attachment-large size-large\" alt=\"\" srcset=\"https:\/\/seifgo.com\/mx\/wp-content\/uploads\/2021\/12\/banner-diagnosticos-1024x360.png 1024w, https:\/\/seifgo.com\/mx\/wp-content\/uploads\/2021\/12\/banner-diagnosticos-300x105.png 300w, https:\/\/seifgo.com\/mx\/wp-content\/uploads\/2021\/12\/banner-diagnosticos-768x270.png 768w, https:\/\/seifgo.com\/mx\/wp-content\/uploads\/2021\/12\/banner-diagnosticos-1536x539.png 1536w, https:\/\/seifgo.com\/mx\/wp-content\/uploads\/2021\/12\/banner-diagnosticos-1320x464.png 1320w, https:\/\/seifgo.com\/mx\/wp-content\/uploads\/2021\/12\/banner-diagnosticos-600x211.png 600w, https:\/\/seifgo.com\/mx\/wp-content\/uploads\/2021\/12\/banner-diagnosticos.png 1999w\" sizes=\"auto, (max-width: 1024px) 100vw, 1024px\" \/>\t\t\t\t\t\t\t\t\t\t\t\t\t\t<\/div>\n\t\t\t\t\t\t<\/div>\n\t\t\t\t<\/div>\n\t\t\t\t\t\t<\/div>\n\t\t\t\t\t<\/div>\n\t\t<\/div>\n\t\t\t\t\t\t\t\t<\/div>\n\t\t\t\t\t<\/div>\n\t\t<\/section>\n\t\t\t\t<section class=\"elementor-section elementor-top-section elementor-element elementor-element-5c484a6 elementor-section-boxed elementor-section-height-default elementor-section-height-default\" data-id=\"5c484a6\" data-element_type=\"section\">\n\t\t\t\t\t\t<div class=\"elementor-container elementor-column-gap-default\">\n\t\t\t\t\t\t\t<div class=\"elementor-row\">\n\t\t\t\t\t<div class=\"elementor-column elementor-col-100 elementor-top-column elementor-element elementor-element-92464e8\" data-id=\"92464e8\" data-element_type=\"column\">\n\t\t\t<div class=\"elementor-column-wrap elementor-element-populated\">\n\t\t\t\t\t\t\t<div class=\"elementor-widget-wrap\">\n\t\t\t\t\t\t<div class=\"elementor-element elementor-element-fbe95c9 elementor-widget elementor-widget-heading\" data-id=\"fbe95c9\" data-element_type=\"widget\" data-widget_type=\"heading.default\">\n\t\t\t\t<div class=\"elementor-widget-container\">\n\t\t\t<h2 class=\"elementor-heading-title elementor-size-default\">Agenda tu cita de Diagn\u00f3stico Mec\u00e1nico<br><\/h2>\t\t<\/div>\n\t\t\t\t<\/div>\n\t\t\t\t\t\t<\/div>\n\t\t\t\t\t<\/div>\n\t\t<\/div>\n\t\t\t\t\t\t\t\t<\/div>\n\t\t\t\t\t<\/div>\n\t\t<\/section>\n\t\t\t\t<section class=\"elementor-section elementor-top-section elementor-element elementor-element-b3a9a2a elementor-section-boxed elementor-section-height-default elementor-section-height-default\" data-id=\"b3a9a2a\" data-element_type=\"section\">\n\t\t\t\t\t\t<div class=\"elementor-container elementor-column-gap-default\">\n\t\t\t\t\t\t\t<div class=\"elementor-row\">\n\t\t\t\t\t<div class=\"elementor-column elementor-col-100 elementor-top-column elementor-element elementor-element-cc7ffae\" data-id=\"cc7ffae\" data-element_type=\"column\">\n\t\t\t<div class=\"elementor-column-wrap elementor-element-populated\">\n\t\t\t\t\t\t\t<div class=\"elementor-widget-wrap\">\n\t\t\t\t\t\t<div class=\"elementor-element elementor-element-c3f9b28 elementor-widget elementor-widget-text-editor\" data-id=\"c3f9b28\" data-element_type=\"widget\" data-widget_type=\"text-editor.default\">\n\t\t\t\t<div class=\"elementor-widget-container\">\n\t\t\t\t\t\t\t\t<div class=\"elementor-text-editor elementor-clearfix\">\n\t\t\t\t<p>Si est\u00e1s por comprar un veh\u00edculo a un particular o en un lugar donde no te dan Garant\u00eda. Ll\u00e1manos, nosotros lo revisamos por ti.\u00a0<\/p><ul><li>Agenda tu cita<\/li><li>Nuestro t\u00e9cnico realizar\u00e1 una inspecci\u00f3n de 120 puntos*<\/li><li>Te enviaremos el resultado por Correo y WhatsApp<\/li><li>Si el auto pasa la inspecci\u00f3n, podr\u00e1s comprar la Garant\u00eda con nosotros y <span style=\"color: #ff0000;\">te reembolsamos el pago de tu diagn\u00f3stico<\/span><\/li><\/ul>\t\t\t\t\t<\/div>\n\t\t\t\t\t\t<\/div>\n\t\t\t\t<\/div>\n\t\t\t\t\t\t<\/div>\n\t\t\t\t\t<\/div>\n\t\t<\/div>\n\t\t\t\t\t\t\t\t<\/div>\n\t\t\t\t\t<\/div>\n\t\t<\/section>\n\t\t\t\t<section class=\"elementor-section elementor-top-section elementor-element elementor-element-b0f2520 elementor-section-boxed elementor-section-height-default elementor-section-height-default\" data-id=\"b0f2520\" data-element_type=\"section\">\n\t\t\t\t\t\t<div class=\"elementor-container elementor-column-gap-default\">\n\t\t\t\t\t\t\t<div class=\"elementor-row\">\n\t\t\t\t\t<div class=\"elementor-column elementor-col-50 elementor-top-column elementor-element elementor-element-51ef065\" data-id=\"51ef065\" data-element_type=\"column\">\n\t\t\t<div class=\"elementor-column-wrap elementor-element-populated\">\n\t\t\t\t\t\t\t<div class=\"elementor-widget-wrap\">\n\t\t\t\t\t\t<div class=\"elementor-element elementor-element-61390ea eael-pricing-content-align-center eael-pricing-button-align-center elementor-widget elementor-widget-eael-pricing-table\" data-id=\"61390ea\" data-element_type=\"widget\" data-widget_type=\"eael-pricing-table.default\">\n\t\t\t\t<div class=\"elementor-widget-container\">\n\t\t\t                            <div class=\"eael-pricing style-2\" >\n                <div class=\"eael-pricing-item \">\n                    <div class=\"eael-pricing-icon\">\n                        <span class=\"icon\" style=\"background:;\">\n                            <i class=\"icon icon-car-frontal-view\"><\/i>                        <\/span>\n                    <\/div>\n                    <div class=\"header\">\n                        <h2 class=\"title\">Veh\u00edculo Comercial<\/h2>\n                        <span class=\"subtitle\">Sed\u00e1n, Camioneta o SUV<\/span>\n                    <\/div>\n                    <div class=\"eael-pricing-tag\">\n                        <span class=\"price-tag\"><del class=\"original-price\">\n                    <span class=\"price-currency\">$ <\/span>1150<\/del>\n                <span class=\"sale-price\">\n                    <span class=\"price-currency\">$ <\/span>890<\/span><\/span>\n                        <span class=\"price-period\"> <\/span>\n                    <\/div>\n                    <div class=\"body\">\n                                <ul>\n                            <li class=\"elementor-repeater-item-ec77dec\">\n                                                                    \n                        <span class=\"li-icon\" style=\"color:#00C853;fill:#00C853;\" >\n                                                            <i aria-hidden=\"true\" class=\"fas fa-check\"><\/i>                                                    <\/span>\n                                        <span >Revisi\u00f3n a domicilio<\/span>\n                <\/li>\n                            <li class=\"elementor-repeater-item-ce33248\">\n                                                                    \n                        <span class=\"li-icon\" style=\"color:#00C853;fill:#00C853;\" >\n                                                            <i aria-hidden=\"true\" class=\"fas fa-check\"><\/i>                                                    <\/span>\n                                        <span >Inspecci\u00f3n mec\u00e1nica de 120 puntos<\/span>\n                <\/li>\n                            <li class=\"elementor-repeater-item-72e4f68\">\n                                                                    \n                        <span class=\"li-icon\" style=\"color:#00C853;fill:#00C853;\" >\n                                                            <i aria-hidden=\"true\" class=\"fas fa-check\"><\/i>                                                    <\/span>\n                                        <span >Diagn\u00f3stico Digital<\/span>\n                <\/li>\n                            <li class=\"elementor-repeater-item-898760e\">\n                                                                    \n                        <span class=\"li-icon\" style=\"color:#00C853;fill:#00C853;\" >\n                                                            <i aria-hidden=\"true\" class=\"fas fa-check\"><\/i>                                                    <\/span>\n                                        <span >Prueba Est\u00e1tica<\/span>\n                <\/li>\n                            <li class=\"elementor-repeater-item-cba4bbd\">\n                                                                    \n                        <span class=\"li-icon\" style=\"color:#00C853;fill:#00C853;\" >\n                                                            <i aria-hidden=\"true\" class=\"fas fa-check\"><\/i>                                                    <\/span>\n                                        <span >Env\u00edo de resultado por E-mail y WhatsApp<\/span>\n                <\/li>\n                    <\/ul>\n                        <\/div>\n\t                                <\/div>\n            <\/div>\n        \t\t<\/div>\n\t\t\t\t<\/div>\n\t\t\t\t\t\t<\/div>\n\t\t\t\t\t<\/div>\n\t\t<\/div>\n\t\t\t\t<div class=\"elementor-column elementor-col-50 elementor-top-column elementor-element elementor-element-cb02f29\" data-id=\"cb02f29\" data-element_type=\"column\">\n\t\t\t<div class=\"elementor-column-wrap elementor-element-populated\">\n\t\t\t\t\t\t\t<div class=\"elementor-widget-wrap\">\n\t\t\t\t\t\t<div class=\"elementor-element elementor-element-000f7aa eael-pricing-content-align-center eael-pricing-button-align-center elementor-widget elementor-widget-eael-pricing-table\" data-id=\"000f7aa\" data-element_type=\"widget\" data-widget_type=\"eael-pricing-table.default\">\n\t\t\t\t<div class=\"elementor-widget-container\">\n\t\t\t                            <div class=\"eael-pricing style-2\" >\n                <div class=\"eael-pricing-item \">\n                    <div class=\"eael-pricing-icon\">\n                        <span class=\"icon\" style=\"background:;\">\n                            <i class=\"fas fa-car\"><\/i>                        <\/span>\n                    <\/div>\n                    <div class=\"header\">\n                        <h2 class=\"title\">Veh\u00edculo Premium<\/h2>\n                        <span class=\"subtitle\">Sed\u00e1n, Camioneta o SUV<\/span>\n                    <\/div>\n                    <div class=\"eael-pricing-tag\">\n                        <span class=\"price-tag\"><del class=\"original-price\">\n                    <span class=\"price-currency\">$ <\/span>1480<\/del>\n                <span class=\"sale-price\">\n                    <span class=\"price-currency\">$ <\/span>1210<\/span><\/span>\n                        <span class=\"price-period\"> <\/span>\n                    <\/div>\n                    <div class=\"body\">\n                                <ul>\n                            <li class=\"elementor-repeater-item-ec77dec\">\n                                                                    \n                        <span class=\"li-icon\" style=\"color:#00C853;fill:#00C853;\" >\n                                                            <i aria-hidden=\"true\" class=\"fas fa-check\"><\/i>                                                    <\/span>\n                                        <span >Revisi\u00f3n a domicilio<\/span>\n                <\/li>\n                            <li class=\"elementor-repeater-item-ce33248\">\n                                                                    \n                        <span class=\"li-icon\" style=\"color:#00C853;fill:#00C853;\" >\n                                                            <i aria-hidden=\"true\" class=\"fas fa-check\"><\/i>                                                    <\/span>\n                                        <span >Inspecci\u00f3n mec\u00e1nica de 120 puntos<\/span>\n                <\/li>\n                            <li class=\"elementor-repeater-item-ff999f7\">\n                                                                    \n                        <span class=\"li-icon\" style=\"color:#00C853;fill:#00C853;\" >\n                                                            <i aria-hidden=\"true\" class=\"fas fa-check\"><\/i>                                                    <\/span>\n                                        <span >Diagn\u00f3stico Digital<\/span>\n                <\/li>\n                            <li class=\"elementor-repeater-item-6e46573\">\n                                                                    \n                        <span class=\"li-icon\" style=\"color:#00C853;fill:#00C853;\" >\n                                                            <i aria-hidden=\"true\" class=\"fas fa-check\"><\/i>                                                    <\/span>\n                                        <span >Prueba Est\u00e1tica<\/span>\n                <\/li>\n                            <li class=\"elementor-repeater-item-cba4bbd\">\n                                                                    \n                        <span class=\"li-icon\" style=\"color:#00C853;fill:#00C853;\" >\n                                                            <i aria-hidden=\"true\" class=\"fas fa-check\"><\/i>                                                    <\/span>\n                                        <span >Env\u00edo de resultado por E-mail y WhatsApp<\/span>\n                <\/li>\n                    <\/ul>\n                        <\/div>\n\t                                <\/div>\n            <\/div>\n        \t\t<\/div>\n\t\t\t\t<\/div>\n\t\t\t\t\t\t<\/div>\n\t\t\t\t\t<\/div>\n\t\t<\/div>\n\t\t\t\t\t\t\t\t<\/div>\n\t\t\t\t\t<\/div>\n\t\t<\/section>\n\t\t\t\t<section class=\"elementor-section elementor-top-section elementor-element elementor-element-77b5297 elementor-section-boxed elementor-section-height-default elementor-section-height-default\" data-id=\"77b5297\" data-element_type=\"section\">\n\t\t\t\t\t\t<div class=\"elementor-container elementor-column-gap-default\">\n\t\t\t\t\t\t\t<div class=\"elementor-row\">\n\t\t\t\t\t<div class=\"elementor-column elementor-col-100 elementor-top-column elementor-element elementor-element-c7095e4\" data-id=\"c7095e4\" data-element_type=\"column\">\n\t\t\t<div class=\"elementor-column-wrap elementor-element-populated\">\n\t\t\t\t\t\t\t<div class=\"elementor-widget-wrap\">\n\t\t\t\t\t\t<div class=\"elementor-element elementor-element-a0ec403 elementor-widget elementor-widget-html\" data-id=\"a0ec403\" data-element_type=\"widget\" data-widget_type=\"html.default\">\n\t\t\t\t<div class=\"elementor-widget-container\">\n\t\t\t<!-- UseStrict's Calendly Embedder - Calendly inline widget start -->\n<div id=\"wpcalel-calendly-inline-1\"\n\tclass=\"calendly-inline-widget \" \n\tstyle=\"min-width:100%; height:650px; overflow-x:hidden;overflow-y:hidden\" \n\tdata-auto-load=\"false\"\n\tdata-wpcalel-type=\"inline\"\n\tdata-wpcalel-url=\"https:\/\/calendly.com\/seifgo\/inspeccion-mecanica-a-domicilio-clon\/\"\n\tdata-wpcalel-prefill=\"false\"\n\tdata-wpcalel-query-str=\"false\"\n\t\t\t\t\t\t\t\t\t\t\t\t\t\t\t\t\t\t\t\t\t\t\t\t\t\t\t\t\t\t\t\t\t\t\t\t\t\t\t\t\t\t\t\t\t\t\t\t\t\t\t\t\t \n>\n\t<div class=\"calendly-spinner\">\n\t\t<div class=\"calendly-bounce1\"><\/div><div class=\"calendly-bounce2\"><\/div><div class=\"calendly-bounce3\"><\/div>\n\t<\/div>\n<\/div>\n<!-- UseStrict's Calendly Embedder - Calendly inline widget end -->\n\t\t\t\t\t<\/div>\n\t\t\t\t<\/div>\n\t\t\t\t\t\t<\/div>\n\t\t\t\t\t<\/div>\n\t\t<\/div>\n\t\t\t\t\t\t\t\t<\/div>\n\t\t\t\t\t<\/div>\n\t\t<\/section>\n\t\t\t\t<section class=\"elementor-section elementor-top-section elementor-element elementor-element-6e5be99 elementor-section-boxed elementor-section-height-default elementor-section-height-default\" data-id=\"6e5be99\" data-element_type=\"section\">\n\t\t\t\t\t\t<div class=\"elementor-container elementor-column-gap-default\">\n\t\t\t\t\t\t\t<div class=\"elementor-row\">\n\t\t\t\t\t<div class=\"elementor-column elementor-col-100 elementor-top-column elementor-element elementor-element-74f5f66\" data-id=\"74f5f66\" data-element_type=\"column\">\n\t\t\t<div class=\"elementor-column-wrap elementor-element-populated\">\n\t\t\t\t\t\t\t<div class=\"elementor-widget-wrap\">\n\t\t\t\t\t\t<div class=\"elementor-element elementor-element-c8dc8ac elementor-widget elementor-widget-text-editor\" data-id=\"c8dc8ac\" data-element_type=\"widget\" data-widget_type=\"text-editor.default\">\n\t\t\t\t<div class=\"elementor-widget-container\">\n\t\t\t\t\t\t\t\t<div class=\"elementor-text-editor elementor-clearfix\">\n\t\t\t\t<h6>*El pago de la inspecci\u00f3n mec\u00e1nica no incluye la Garant\u00eda. El veh\u00edculo solo podr\u00e1 ser Garantizado si el\u00a0 resultado del diagn\u00f3stico es positivo y el cliente adquiere su certificado de Garant\u00eda.\u00a0<\/h6>\t\t\t\t\t<\/div>\n\t\t\t\t\t\t<\/div>\n\t\t\t\t<\/div>\n\t\t\t\t\t\t<\/div>\n\t\t\t\t\t<\/div>\n\t\t<\/div>\n\t\t\t\t\t\t\t\t<\/div>\n\t\t\t\t\t<\/div>\n\t\t<\/section>\n\t\t\t\t\t\t<\/div>\n\t\t\t\t\t\t<\/div>\n\t\t\t\t\t<\/div>\n\t\t","protected":false},"excerpt":{"rendered":"<p>Agenda tu cita de Diagn\u00f3stico Mec\u00e1nico Si est\u00e1s por comprar un veh\u00edculo a un particular o en un lugar donde no te dan Garant\u00eda. Ll\u00e1manos,<\/p>\n<p><a href=\"https:\/\/seifgo.com\/mx\/diagnosticos\/\" class=\"more-link\">Continuar<span class=\"screen-reader-text\">Diagn\u00f3sticos<\/span><\/a><\/p>\n","protected":false},"author":1,"featured_media":0,"parent":0,"menu_order":0,"comment_status":"closed","ping_status":"closed","template":"elementor_theme","meta":{"footnotes":""},"class_list":["post-2440","page","type-page","status-publish","hentry"],"_links":{"self":[{"href":"https:\/\/seifgo.com\/mx\/wp-json\/wp\/v2\/pages\/2440","targetHints":{"allow":["GET"]}}],"collection":[{"href":"https:\/\/seifgo.com\/mx\/wp-json\/wp\/v2\/pages"}],"about":[{"href":"https:\/\/seifgo.com\/mx\/wp-json\/wp\/v2\/types\/page"}],"author":[{"embeddable":true,"href":"https:\/\/seifgo.com\/mx\/wp-json\/wp\/v2\/users\/1"}],"replies":[{"embeddable":true,"href":"https:\/\/seifgo.com\/mx\/wp-json\/wp\/v2\/comments?post=2440"}],"version-history":[{"count":34,"href":"https:\/\/seifgo.com\/mx\/wp-json\/wp\/v2\/pages\/2440\/revisions"}],"predecessor-version":[{"id":2567,"href":"https:\/\/seifgo.com\/mx\/wp-json\/wp\/v2\/pages\/2440\/revisions\/2567"}],"wp:attachment":[{"href":"https:\/\/seifgo.com\/mx\/wp-json\/wp\/v2\/media?parent=2440"}],"curies":[{"name":"wp","href":"https:\/\/api.w.org\/{rel}","templated":true}]}}