{"id":1599,"date":"2021-04-12T17:00:04","date_gmt":"2021-04-12T17:00:04","guid":{"rendered":"https:\/\/seifgo.com\/mx\/?page_id=1599"},"modified":"2021-12-29T01:02:48","modified_gmt":"2021-12-29T01:02:48","slug":"reseller","status":"publish","type":"page","link":"https:\/\/seifgo.com\/mx\/reseller\/","title":{"rendered":"Distribuidores"},"content":{"rendered":"\t\t<div data-elementor-type=\"wp-page\" data-elementor-id=\"1599\" class=\"elementor elementor-1599\" data-elementor-settings=\"[]\">\n\t\t\t\t\t\t<div class=\"elementor-inner\">\n\t\t\t\t\t\t\t<div class=\"elementor-section-wrap\">\n\t\t\t\t\t\t\t<section class=\"elementor-section elementor-top-section elementor-element elementor-element-c3ef2ec elementor-section-boxed elementor-section-height-default elementor-section-height-default\" data-id=\"c3ef2ec\" data-element_type=\"section\">\n\t\t\t\t\t\t<div class=\"elementor-container elementor-column-gap-default\">\n\t\t\t\t\t\t\t<div class=\"elementor-row\">\n\t\t\t\t\t<div class=\"elementor-column elementor-col-100 elementor-top-column elementor-element elementor-element-6dfc2bd\" data-id=\"6dfc2bd\" data-element_type=\"column\">\n\t\t\t<div class=\"elementor-column-wrap elementor-element-populated\">\n\t\t\t\t\t\t\t<div class=\"elementor-widget-wrap\">\n\t\t\t\t\t\t<div class=\"elementor-element elementor-element-aa20cc5 elementor-widget elementor-widget-image\" data-id=\"aa20cc5\" data-element_type=\"widget\" data-widget_type=\"image.default\">\n\t\t\t\t<div class=\"elementor-widget-container\">\n\t\t\t\t\t\t\t\t<div class=\"elementor-image\">\n\t\t\t\t\t\t\t\t\t\t\t\t<img loading=\"lazy\" decoding=\"async\" width=\"1024\" height=\"480\" src=\"https:\/\/seifgo.com\/mx\/wp-content\/uploads\/2021\/12\/banner-distribuidores-automotrices-1024x480.png\" class=\"attachment-large size-large\" alt=\"\" srcset=\"https:\/\/seifgo.com\/mx\/wp-content\/uploads\/2021\/12\/banner-distribuidores-automotrices-1024x480.png 1024w, https:\/\/seifgo.com\/mx\/wp-content\/uploads\/2021\/12\/banner-distribuidores-automotrices-300x141.png 300w, https:\/\/seifgo.com\/mx\/wp-content\/uploads\/2021\/12\/banner-distribuidores-automotrices-768x360.png 768w, https:\/\/seifgo.com\/mx\/wp-content\/uploads\/2021\/12\/banner-distribuidores-automotrices-1536x720.png 1536w, https:\/\/seifgo.com\/mx\/wp-content\/uploads\/2021\/12\/banner-distribuidores-automotrices-1320x619.png 1320w, https:\/\/seifgo.com\/mx\/wp-content\/uploads\/2021\/12\/banner-distribuidores-automotrices-600x281.png 600w, https:\/\/seifgo.com\/mx\/wp-content\/uploads\/2021\/12\/banner-distribuidores-automotrices.png 2000w\" sizes=\"auto, (max-width: 1024px) 100vw, 1024px\" \/>\t\t\t\t\t\t\t\t\t\t\t\t\t\t<\/div>\n\t\t\t\t\t\t<\/div>\n\t\t\t\t<\/div>\n\t\t\t\t\t\t<\/div>\n\t\t\t\t\t<\/div>\n\t\t<\/div>\n\t\t\t\t\t\t\t\t<\/div>\n\t\t\t\t\t<\/div>\n\t\t<\/section>\n\t\t\t\t<section class=\"elementor-section elementor-top-section elementor-element elementor-element-495ef8f elementor-section-boxed elementor-section-height-default elementor-section-height-default\" data-id=\"495ef8f\" data-element_type=\"section\">\n\t\t\t\t\t\t<div class=\"elementor-container elementor-column-gap-default\">\n\t\t\t\t\t\t\t<div class=\"elementor-row\">\n\t\t\t\t\t<div class=\"elementor-column elementor-col-100 elementor-top-column elementor-element elementor-element-54ccabf\" data-id=\"54ccabf\" data-element_type=\"column\">\n\t\t\t<div class=\"elementor-column-wrap elementor-element-populated\">\n\t\t\t\t\t\t\t<div class=\"elementor-widget-wrap\">\n\t\t\t\t\t\t<div class=\"elementor-element elementor-element-02db9d6 elementor-widget elementor-widget-heading\" data-id=\"02db9d6\" data-element_type=\"widget\" data-widget_type=\"heading.default\">\n\t\t\t\t<div class=\"elementor-widget-container\">\n\t\t\t<h2 class=\"elementor-heading-title elementor-size-default\">DISTRIBUIDORES<\/h2>\t\t<\/div>\n\t\t\t\t<\/div>\n\t\t\t\t\t\t<\/div>\n\t\t\t\t\t<\/div>\n\t\t<\/div>\n\t\t\t\t\t\t\t\t<\/div>\n\t\t\t\t\t<\/div>\n\t\t<\/section>\n\t\t\t\t<section class=\"elementor-section elementor-top-section elementor-element elementor-element-81389df elementor-section-boxed elementor-section-height-default elementor-section-height-default\" data-id=\"81389df\" data-element_type=\"section\">\n\t\t\t\t\t\t<div class=\"elementor-container elementor-column-gap-default\">\n\t\t\t\t\t\t\t<div class=\"elementor-row\">\n\t\t\t\t\t<div class=\"elementor-column elementor-col-100 elementor-top-column elementor-element elementor-element-23f3a12\" data-id=\"23f3a12\" data-element_type=\"column\">\n\t\t\t<div class=\"elementor-column-wrap elementor-element-populated\">\n\t\t\t\t\t\t\t<div class=\"elementor-widget-wrap\">\n\t\t\t\t\t\t<div class=\"elementor-element elementor-element-80912e0 elementor-widget elementor-widget-heading\" data-id=\"80912e0\" data-element_type=\"widget\" data-widget_type=\"heading.default\">\n\t\t\t\t<div class=\"elementor-widget-container\">\n\t\t\t<h2 class=\"elementor-heading-title elementor-size-default\">DE VEH\u00cdCULOS NUEVOS O SEMINUEVOS<\/h2>\t\t<\/div>\n\t\t\t\t<\/div>\n\t\t\t\t\t\t<\/div>\n\t\t\t\t\t<\/div>\n\t\t<\/div>\n\t\t\t\t\t\t\t\t<\/div>\n\t\t\t\t\t<\/div>\n\t\t<\/section>\n\t\t\t\t<section class=\"elementor-section elementor-top-section elementor-element elementor-element-65c9079 elementor-section-boxed elementor-section-height-default elementor-section-height-default\" data-id=\"65c9079\" data-element_type=\"section\">\n\t\t\t\t\t\t<div class=\"elementor-container elementor-column-gap-default\">\n\t\t\t\t\t\t\t<div class=\"elementor-row\">\n\t\t\t\t\t<div class=\"elementor-column elementor-col-50 elementor-top-column elementor-element elementor-element-303502b\" data-id=\"303502b\" data-element_type=\"column\">\n\t\t\t<div class=\"elementor-column-wrap elementor-element-populated\">\n\t\t\t\t\t\t\t<div class=\"elementor-widget-wrap\">\n\t\t\t\t\t\t<div class=\"elementor-element elementor-element-ea5ea40 elementor-widget elementor-widget-image\" data-id=\"ea5ea40\" data-element_type=\"widget\" data-widget_type=\"image.default\">\n\t\t\t\t<div class=\"elementor-widget-container\">\n\t\t\t\t\t\t\t\t<div class=\"elementor-image\">\n\t\t\t\t\t\t\t\t\t\t\t\t<img loading=\"lazy\" decoding=\"async\" width=\"1024\" height=\"1024\" src=\"https:\/\/seifgo.com\/mx\/wp-content\/uploads\/2021\/12\/Vendes-autos-sin-G-1-1024x1024.jpeg\" class=\"attachment-large size-large\" alt=\"\" srcset=\"https:\/\/seifgo.com\/mx\/wp-content\/uploads\/2021\/12\/Vendes-autos-sin-G-1-1024x1024.jpeg 1024w, https:\/\/seifgo.com\/mx\/wp-content\/uploads\/2021\/12\/Vendes-autos-sin-G-1-300x300.jpeg 300w, https:\/\/seifgo.com\/mx\/wp-content\/uploads\/2021\/12\/Vendes-autos-sin-G-1-150x150.jpeg 150w, https:\/\/seifgo.com\/mx\/wp-content\/uploads\/2021\/12\/Vendes-autos-sin-G-1-768x768.jpeg 768w, https:\/\/seifgo.com\/mx\/wp-content\/uploads\/2021\/12\/Vendes-autos-sin-G-1-600x600.jpeg 600w, https:\/\/seifgo.com\/mx\/wp-content\/uploads\/2021\/12\/Vendes-autos-sin-G-1-100x100.jpeg 100w, https:\/\/seifgo.com\/mx\/wp-content\/uploads\/2021\/12\/Vendes-autos-sin-G-1.jpeg 1080w\" sizes=\"auto, (max-width: 1024px) 100vw, 1024px\" \/>\t\t\t\t\t\t\t\t\t\t\t\t\t\t<\/div>\n\t\t\t\t\t\t<\/div>\n\t\t\t\t<\/div>\n\t\t\t\t\t\t<\/div>\n\t\t\t\t\t<\/div>\n\t\t<\/div>\n\t\t\t\t<div class=\"elementor-column elementor-col-50 elementor-top-column elementor-element elementor-element-208384e\" data-id=\"208384e\" data-element_type=\"column\">\n\t\t\t<div class=\"elementor-column-wrap elementor-element-populated\">\n\t\t\t\t\t\t\t<div class=\"elementor-widget-wrap\">\n\t\t\t\t\t\t<div class=\"elementor-element elementor-element-cca1569 elementor-widget elementor-widget-text-editor\" data-id=\"cca1569\" data-element_type=\"widget\" data-widget_type=\"text-editor.default\">\n\t\t\t\t<div class=\"elementor-widget-container\">\n\t\t\t\t\t\t\t\t<div class=\"elementor-text-editor elementor-clearfix\">\n\t\t\t\t<p><span style=\"letter-spacing: 0px;\">Si te dedicas a la venta de autos, eres due\u00f1o o administras una agencia o negocio de veh\u00edculos seminuevos, esta es una gran oportunidad para ti.<\/span><\/p><p>La realidad actual requiere que seamos m\u00e1s competitivos y nos anticipemos a los cambios que se est\u00e1n dando en la industria automotriz, principalmente en el mercado de seminuevos.<\/p><p>Sabemos como podemos apoyarte a mantener tu crecimiento de ventas e incluso mejorarlo al darte como herramienta exclusiva poder colocar garant\u00eda a tu inventario de autos usados.<\/p><p>\u00danete al <strong>Movimiento SeifGO<\/strong> y comienza a vender tus autos hasta con 4 a\u00f1os de garant\u00eda.<\/p><p><span style=\"letter-spacing: 0px;\">Para recibir m\u00e1s informaci\u00f3n de los beneficios que tenemos para ti, llena el formulario siguiente y un asesor especializado se pondr\u00e1 en contacto contigo.<\/span><\/p>\t\t\t\t\t<\/div>\n\t\t\t\t\t\t<\/div>\n\t\t\t\t<\/div>\n\t\t\t\t\t\t<\/div>\n\t\t\t\t\t<\/div>\n\t\t<\/div>\n\t\t\t\t\t\t\t\t<\/div>\n\t\t\t\t\t<\/div>\n\t\t<\/section>\n\t\t\t\t<section class=\"elementor-section elementor-top-section elementor-element elementor-element-c4ba063 elementor-section-boxed elementor-section-height-default elementor-section-height-default\" data-id=\"c4ba063\" data-element_type=\"section\">\n\t\t\t\t\t\t<div class=\"elementor-container elementor-column-gap-default\">\n\t\t\t\t\t\t\t<div class=\"elementor-row\">\n\t\t\t\t\t<div class=\"elementor-column elementor-col-100 elementor-top-column elementor-element elementor-element-4fcd8f6\" data-id=\"4fcd8f6\" data-element_type=\"column\">\n\t\t\t<div class=\"elementor-column-wrap elementor-element-populated\">\n\t\t\t\t\t\t\t<div class=\"elementor-widget-wrap\">\n\t\t\t\t\t\t<div class=\"elementor-element elementor-element-2950ef4 elementor-widget elementor-widget-image\" data-id=\"2950ef4\" data-element_type=\"widget\" data-widget_type=\"image.default\">\n\t\t\t\t<div class=\"elementor-widget-container\">\n\t\t\t\t\t\t\t\t<div class=\"elementor-image\">\n\t\t\t\t\t\t\t\t\t\t\t\t<img loading=\"lazy\" decoding=\"async\" width=\"1536\" height=\"864\" src=\"https:\/\/seifgo.com\/mx\/wp-content\/uploads\/2021\/12\/Vende-en-4-Pasos-Web-1536x864.png\" class=\"attachment-1536x1536 size-1536x1536\" alt=\"\" srcset=\"https:\/\/seifgo.com\/mx\/wp-content\/uploads\/2021\/12\/Vende-en-4-Pasos-Web-1536x864.png 1536w, https:\/\/seifgo.com\/mx\/wp-content\/uploads\/2021\/12\/Vende-en-4-Pasos-Web-300x169.png 300w, https:\/\/seifgo.com\/mx\/wp-content\/uploads\/2021\/12\/Vende-en-4-Pasos-Web-1024x576.png 1024w, https:\/\/seifgo.com\/mx\/wp-content\/uploads\/2021\/12\/Vende-en-4-Pasos-Web-768x432.png 768w, https:\/\/seifgo.com\/mx\/wp-content\/uploads\/2021\/12\/Vende-en-4-Pasos-Web-1320x742.png 1320w, https:\/\/seifgo.com\/mx\/wp-content\/uploads\/2021\/12\/Vende-en-4-Pasos-Web-600x337.png 600w, https:\/\/seifgo.com\/mx\/wp-content\/uploads\/2021\/12\/Vende-en-4-Pasos-Web.png 1999w\" sizes=\"auto, (max-width: 1536px) 100vw, 1536px\" \/>\t\t\t\t\t\t\t\t\t\t\t\t\t\t<\/div>\n\t\t\t\t\t\t<\/div>\n\t\t\t\t<\/div>\n\t\t\t\t\t\t<\/div>\n\t\t\t\t\t<\/div>\n\t\t<\/div>\n\t\t\t\t\t\t\t\t<\/div>\n\t\t\t\t\t<\/div>\n\t\t<\/section>\n\t\t\t\t<section class=\"elementor-section elementor-top-section elementor-element elementor-element-76b12dc elementor-section-boxed elementor-section-height-default elementor-section-height-default\" data-id=\"76b12dc\" data-element_type=\"section\">\n\t\t\t\t\t\t<div class=\"elementor-container elementor-column-gap-default\">\n\t\t\t\t\t\t\t<div class=\"elementor-row\">\n\t\t\t\t\t<div class=\"elementor-column elementor-col-100 elementor-top-column elementor-element elementor-element-35a4537\" data-id=\"35a4537\" data-element_type=\"column\">\n\t\t\t<div class=\"elementor-column-wrap elementor-element-populated\">\n\t\t\t\t\t\t\t<div class=\"elementor-widget-wrap\">\n\t\t\t\t\t\t<div class=\"elementor-element elementor-element-816829f elementor-widget-divider--view-line elementor-widget elementor-widget-divider\" data-id=\"816829f\" data-element_type=\"widget\" data-widget_type=\"divider.default\">\n\t\t\t\t<div class=\"elementor-widget-container\">\n\t\t\t\t\t<div class=\"elementor-divider\">\n\t\t\t<span class=\"elementor-divider-separator\">\n\t\t\t\t\t\t<\/span>\n\t\t<\/div>\n\t\t\t\t<\/div>\n\t\t\t\t<\/div>\n\t\t\t\t\t\t<\/div>\n\t\t\t\t\t<\/div>\n\t\t<\/div>\n\t\t\t\t\t\t\t\t<\/div>\n\t\t\t\t\t<\/div>\n\t\t<\/section>\n\t\t\t\t<section class=\"elementor-section elementor-top-section elementor-element elementor-element-7755a24 elementor-section-boxed elementor-section-height-default elementor-section-height-default\" data-id=\"7755a24\" data-element_type=\"section\">\n\t\t\t\t\t\t<div class=\"elementor-container elementor-column-gap-default\">\n\t\t\t\t\t\t\t<div class=\"elementor-row\">\n\t\t\t\t\t<div class=\"elementor-column elementor-col-100 elementor-top-column elementor-element elementor-element-f83e211\" data-id=\"f83e211\" data-element_type=\"column\">\n\t\t\t<div class=\"elementor-column-wrap elementor-element-populated\">\n\t\t\t\t\t\t\t<div class=\"elementor-widget-wrap\">\n\t\t\t\t\t\t<div class=\"elementor-element elementor-element-8a41c2d elementor-widget elementor-widget-heading\" data-id=\"8a41c2d\" data-element_type=\"widget\" data-widget_type=\"heading.default\">\n\t\t\t\t<div class=\"elementor-widget-container\">\n\t\t\t<h2 class=\"elementor-heading-title elementor-size-default\">Quiero informaci\u00f3n adicional \npara vender mis veh\u00edculos con Garant\u00eda SeifGO<\/h2>\t\t<\/div>\n\t\t\t\t<\/div>\n\t\t\t\t<div class=\"elementor-element elementor-element-a285ae2 elementor-widget-divider--view-line elementor-widget elementor-widget-divider\" data-id=\"a285ae2\" data-element_type=\"widget\" data-widget_type=\"divider.default\">\n\t\t\t\t<div class=\"elementor-widget-container\">\n\t\t\t\t\t<div class=\"elementor-divider\">\n\t\t\t<span class=\"elementor-divider-separator\">\n\t\t\t\t\t\t<\/span>\n\t\t<\/div>\n\t\t\t\t<\/div>\n\t\t\t\t<\/div>\n\t\t\t\t\t\t<\/div>\n\t\t\t\t\t<\/div>\n\t\t<\/div>\n\t\t\t\t\t\t\t\t<\/div>\n\t\t\t\t\t<\/div>\n\t\t<\/section>\n\t\t\t\t<section class=\"elementor-section elementor-top-section elementor-element elementor-element-cfb71a3 elementor-section-boxed elementor-section-height-default elementor-section-height-default\" data-id=\"cfb71a3\" data-element_type=\"section\">\n\t\t\t\t\t\t<div class=\"elementor-container elementor-column-gap-default\">\n\t\t\t\t\t\t\t<div class=\"elementor-row\">\n\t\t\t\t\t<div class=\"elementor-column elementor-col-100 elementor-top-column elementor-element elementor-element-96e2858\" data-id=\"96e2858\" data-element_type=\"column\">\n\t\t\t<div class=\"elementor-column-wrap elementor-element-populated\">\n\t\t\t\t\t\t\t<div class=\"elementor-widget-wrap\">\n\t\t\t\t\t\t<div class=\"elementor-element elementor-element-b3feefd ekit_wpForms_container-form-button-custom elementor-widget elementor-widget-elementskit-wp-forms\" data-id=\"b3feefd\" data-element_type=\"widget\" data-widget_type=\"elementskit-wp-forms.default\">\n\t\t\t\t<div class=\"elementor-widget-container\">\n\t\t\t<div class=\"ekit-wid-con ekit_wpForms_container\"><div class=\"wpforms-container wpforms-container-full\" id=\"wpforms-462\"><form id=\"wpforms-form-462\" class=\"wpforms-validate wpforms-form\" data-formid=\"462\" method=\"post\" enctype=\"multipart\/form-data\" action=\"\/mx\/wp-json\/wp\/v2\/pages\/1599\" data-token=\"0b749a2c1030c4e4ff55eed38c32d17e\"><noscript class=\"wpforms-error-noscript\">Por favor, activa JavaScript en tu navegador para completar este formulario.<\/noscript><div class=\"wpforms-field-container\"><div id=\"wpforms-462-field_8-container\" class=\"wpforms-field wpforms-field-name\" data-field-id=\"8\"><label class=\"wpforms-field-label\" for=\"wpforms-462-field_8\">Nombre <span class=\"wpforms-required-label\">*<\/span><\/label><div class=\"wpforms-field-row wpforms-field-large\"><div class=\"wpforms-field-row-block wpforms-first wpforms-one-half\"><input type=\"text\" id=\"wpforms-462-field_8\" class=\"wpforms-field-name-first wpforms-field-required\" name=\"wpforms[fields][8][first]\" required><label for=\"wpforms-462-field_8\" class=\"wpforms-field-sublabel after \">Nombre<\/label><\/div><div class=\"wpforms-field-row-block wpforms-one-half\"><input type=\"text\" id=\"wpforms-462-field_8-last\" class=\"wpforms-field-name-last wpforms-field-required\" name=\"wpforms[fields][8][last]\" required><label for=\"wpforms-462-field_8-last\" class=\"wpforms-field-sublabel after \">Apellidos<\/label><\/div><\/div><\/div><div id=\"wpforms-462-field_12-container\" class=\"wpforms-field wpforms-field-text wpforms-two-thirds wpforms-first\" data-field-id=\"12\"><label class=\"wpforms-field-label\" for=\"wpforms-462-field_12\">Nombre del Lote <span class=\"wpforms-required-label\">*<\/span><\/label><input type=\"text\" id=\"wpforms-462-field_12\" class=\"wpforms-field-large wpforms-field-required\" name=\"wpforms[fields][12]\" required><\/div><div id=\"wpforms-462-field_9-container\" class=\"wpforms-field wpforms-field-number wpforms-two-thirds wpforms-first\" data-field-id=\"9\"><label class=\"wpforms-field-label\" for=\"wpforms-462-field_9\">WhatsApp  <span class=\"wpforms-required-label\">*<\/span><\/label><input type=\"number\" pattern=\"\\d*\" id=\"wpforms-462-field_9\" class=\"wpforms-field-medium wpforms-field-required\" name=\"wpforms[fields][9]\" required><\/div><div id=\"wpforms-462-field_10-container\" class=\"wpforms-field wpforms-field-email\" data-field-id=\"10\"><label class=\"wpforms-field-label\" for=\"wpforms-462-field_10\">Correo electr\u00f3nico <span class=\"wpforms-required-label\">*<\/span><\/label><input type=\"email\" id=\"wpforms-462-field_10\" class=\"wpforms-field-medium wpforms-field-required\" name=\"wpforms[fields][10]\" required><\/div><div id=\"wpforms-462-field_15-container\" class=\"wpforms-field wpforms-field-radio\" data-field-id=\"15\"><label class=\"wpforms-field-label\" for=\"wpforms-462-field_15\">Veh\u00edculos que vendes al mes <span class=\"wpforms-required-label\">*<\/span><\/label><ul id=\"wpforms-462-field_15\" class=\"wpforms-field-required\"><li class=\"choice-1 depth-1\"><input type=\"radio\" id=\"wpforms-462-field_15_1\" name=\"wpforms[fields][15]\" value=\"Hasta 10 unidades\" required ><label class=\"wpforms-field-label-inline\" for=\"wpforms-462-field_15_1\">Hasta 10 unidades<\/label><\/li><li class=\"choice-2 depth-1\"><input type=\"radio\" id=\"wpforms-462-field_15_2\" name=\"wpforms[fields][15]\" value=\"M\u00e1s de 30 unidades\" required ><label class=\"wpforms-field-label-inline\" for=\"wpforms-462-field_15_2\">M\u00e1s de 30 unidades<\/label><\/li><li class=\"choice-3 depth-1\"><input type=\"radio\" id=\"wpforms-462-field_15_3\" name=\"wpforms[fields][15]\" value=\"M\u00e1s de 50 unidades\" required ><label class=\"wpforms-field-label-inline\" for=\"wpforms-462-field_15_3\">M\u00e1s de 50 unidades<\/label><\/li><li class=\"choice-4 depth-1\"><input type=\"radio\" id=\"wpforms-462-field_15_4\" name=\"wpforms[fields][15]\" value=\"M\u00e1s de 100 unidades\" required ><label class=\"wpforms-field-label-inline\" for=\"wpforms-462-field_15_4\">M\u00e1s de 100 unidades<\/label><\/li><\/ul><\/div><\/div><div class=\"wpforms-submit-container\"><input type=\"hidden\" name=\"wpforms[id]\" value=\"462\"><input type=\"hidden\" name=\"wpforms[author]\" value=\"1\"><button type=\"submit\" name=\"wpforms[submit]\" id=\"wpforms-submit-462\" class=\"wpforms-submit\" data-alt-text=\"Enviando...\" data-submit-text=\"Enviar\" aria-live=\"assertive\" value=\"wpforms-submit\">Enviar<\/button><\/div><\/form><\/div>  <!-- .wpforms-container --><\/div>\t\t<\/div>\n\t\t\t\t<\/div>\n\t\t\t\t\t\t<\/div>\n\t\t\t\t\t<\/div>\n\t\t<\/div>\n\t\t\t\t\t\t\t\t<\/div>\n\t\t\t\t\t<\/div>\n\t\t<\/section>\n\t\t\t\t\t\t<\/div>\n\t\t\t\t\t\t<\/div>\n\t\t\t\t\t<\/div>\n\t\t","protected":false},"excerpt":{"rendered":"<p>DISTRIBUIDORES DE VEH\u00cdCULOS NUEVOS O SEMINUEVOS Si te dedicas a la venta de autos, eres due\u00f1o o administras una agencia o negocio de veh\u00edculos seminuevos,<\/p>\n<p><a href=\"https:\/\/seifgo.com\/mx\/reseller\/\" class=\"more-link\">Continuar<span class=\"screen-reader-text\">Distribuidores<\/span><\/a><\/p>\n","protected":false},"author":1,"featured_media":0,"parent":0,"menu_order":0,"comment_status":"closed","ping_status":"closed","template":"elementor_theme","meta":{"footnotes":""},"class_list":["post-1599","page","type-page","status-publish","hentry"],"_links":{"self":[{"href":"https:\/\/seifgo.com\/mx\/wp-json\/wp\/v2\/pages\/1599","targetHints":{"allow":["GET"]}}],"collection":[{"href":"https:\/\/seifgo.com\/mx\/wp-json\/wp\/v2\/pages"}],"about":[{"href":"https:\/\/seifgo.com\/mx\/wp-json\/wp\/v2\/types\/page"}],"author":[{"embeddable":true,"href":"https:\/\/seifgo.com\/mx\/wp-json\/wp\/v2\/users\/1"}],"replies":[{"embeddable":true,"href":"https:\/\/seifgo.com\/mx\/wp-json\/wp\/v2\/comments?post=1599"}],"version-history":[{"count":155,"href":"https:\/\/seifgo.com\/mx\/wp-json\/wp\/v2\/pages\/1599\/revisions"}],"predecessor-version":[{"id":2614,"href":"https:\/\/seifgo.com\/mx\/wp-json\/wp\/v2\/pages\/1599\/revisions\/2614"}],"wp:attachment":[{"href":"https:\/\/seifgo.com\/mx\/wp-json\/wp\/v2\/media?parent=1599"}],"curies":[{"name":"wp","href":"https:\/\/api.w.org\/{rel}","templated":true}]}}